{"id":1695,"date":"2024-08-12T09:09:37","date_gmt":"2024-08-12T07:09:37","guid":{"rendered":"https:\/\/kic.fi\/vantaa\/?page_id=1695"},"modified":"2025-07-22T11:09:31","modified_gmt":"2025-07-22T09:09:31","slug":"varauskalenteri","status":"publish","type":"page","link":"https:\/\/kic.fi\/vantaa\/varauskalenteri\/","title":{"rendered":"Varauskalenteri"},"content":{"rendered":"<p>[vc_row full_width=&#8221;stretch_row_content_no_spaces&#8221; bg_type=&#8221;bg_color&#8221; bg_override=&#8221;full&#8221; css=&#8221;.vc_custom_1657602235136{margin-top: -25px !important;background-image: url(https:\/\/kic.fi\/vantaa\/wp-content\/uploads\/2022\/07\/2019-09-Vantaa-kuvituskuvia-36-Copy.jpg?id=1247) !important;background-position: center !important;background-repeat: no-repeat !important;background-size: cover !important;}&#8221; bg_color_value=&#8221;rgba(255,0,0,0.3)&#8221;][vc_column][vc_row_inner][\/vc_row_inner]<div class=\"ult-spacer spacer-69e0d227ca930\" data-id=\"69e0d227ca930\" data-height=\"250\" data-height-mobile=\"250\" data-height-tab=\"250\" data-height-tab-portrait=\"\" data-height-mobile-landscape=\"\" style=\"clear:both;display:block;\"><\/div>[vc_custom_heading text=&#8221;VARAUSKALENTERI&#8221; font_container=&#8221;tag:h1|text_align:center|color:%23ffffff&#8221; use_theme_fonts=&#8221;yes&#8221;]<div class=\"ult-spacer spacer-69e0d227ca948\" data-id=\"69e0d227ca948\" data-height=\"200\" data-height-mobile=\"200\" data-height-tab=\"200\" data-height-tab-portrait=\"\" data-height-mobile-landscape=\"\" style=\"clear:both;display:block;\"><\/div>[\/vc_column][\/vc_row][vc_row css=&#8221;.vc_custom_1723446560278{margin-top: 20px !important;margin-right: -40px !important;margin-left: -40px !important;padding-top: 0px !important;padding-bottom: 90px !important;}&#8221;][vc_column][vc_custom_heading text=&#8221;Varauskalenteri&#8221; font_container=&#8221;tag:h3|text_align:center|color:%23ff0000&#8243; use_theme_fonts=&#8221;yes&#8221; css=&#8221;.vc_custom_1712901382279{padding-right: 80px !important;}&#8221;][vc_custom_heading text=&#8221;Uusi varauskalenteri on t\u00e4ll\u00e4 hetkell\u00e4 rakenteilla. Katso vapaat ajo ajankohdat ajonvarauksen kautta, kiitos.&#8221; font_container=&#8221;tag:h5|text_align:center|color:%23ff0000&#8243; use_theme_fonts=&#8221;yes&#8221; css=&#8221;.vc_custom_1753175007360{padding-right: 80px !important;}&#8221;][vc_row_inner][\/vc_row_inner][\/vc_column][\/vc_row][vc_row bg_type=&#8221;bg_color&#8221; bg_override=&#8221;full&#8221; css=&#8221;.vc_custom_1649766118489{padding-top: 90px !important;padding-bottom: 60px !important;}&#8221; bg_color_value=&#8221;#ff0000&#8243;][vc_column css=&#8221;.vc_custom_1649770345149{margin-bottom: 30px !important;}&#8221;][vc_custom_heading text=&#8221;MITEN P\u00c4\u00c4SEN AJAMAAN ?&#8221; font_container=&#8221;tag:h3|text_align:center|color:%23ffffff&#8221; use_theme_fonts=&#8221;yes&#8221; el_class=&#8221;align-center&#8221;][vc_custom_heading text=&#8221;Meille ajamaan tuleminen on \u00e4\u00e4rimm\u00e4isen helppoa. Seuraamalla alla olevia askeleita onnistut.&#8221; font_container=&#8221;tag:h4|text_align:center|color:%23ffffff&#8221; use_theme_fonts=&#8221;yes&#8221; el_class=&#8221;align-center&#8221;][vc_empty_space][vc_row_inner equal_height=&#8221;yes&#8221; content_placement=&#8221;top&#8221; gap=&#8221;30&#8243;][vc_column_inner width=&#8221;1\/3&#8243; css=&#8221;.vc_custom_1650258211359{padding-top: 30px !important;padding-right: 30px !important;padding-bottom: 30px !important;padding-left: 30px !important;background-color: #ffffff !important;}&#8221;][vc_custom_heading text=&#8221;1.&#8221; font_container=&#8221;tag:h1|text_align:center|color:%23ff0000&#8243; use_theme_fonts=&#8221;yes&#8221; el_class=&#8221;align-center&#8221;][vc_custom_heading text=&#8221;AJONVARAUS&#8221; font_container=&#8221;tag:h4|text_align:center|color:%23000000&#8243; use_theme_fonts=&#8221;yes&#8221; el_class=&#8221;align-center&#8221;][vc_custom_heading text=&#8221;Voit varata suoraan netist\u00e4 meille yksitt\u00e4isajoja ja enimmill\u00e4\u00e4n 12 kuskin ajotilaisuuksia kuten karting kilpailuita. Alta l\u00f6yd\u00e4t linkit hinnastoomme ja ajonvaraukseen.&#8221; font_container=&#8221;tag:h5|text_align:center|color:%23000000&#8243; use_theme_fonts=&#8221;yes&#8221; el_class=&#8221;align-center&#8221; css=&#8221;.vc_custom_1708724909897{padding-top: 30px !important;padding-right: 30px !important;padding-bottom: 30px !important;padding-left: 30px !important;}&#8221;][vc_custom_heading text=&#8221;Ajamaan p\u00e4\u00e4see monesti my\u00f6s ilman ajanvarausta, mutta suosittelemme olemaan radalle yhteydess\u00e4 soittamalla tai laittamalla WhatsApp-viesti\u00e4 0447-765 050 ennen saapumista vaikka varauskalenteri n\u00e4ytt\u00e4isi radalla olevan tilaa.&#8221; font_container=&#8221;tag:h5|text_align:center|color:%23000000&#8243; use_theme_fonts=&#8221;yes&#8221; el_class=&#8221;align-center&#8221;][vc_btn title=&#8221;HINNASTO&#8221; style=&#8221;flat&#8221; color=&#8221;danger&#8221; align=&#8221;center&#8221; i_icon_fontawesome=&#8221;fas fa-th-list&#8221; css_animation=&#8221;fadeIn&#8221; button_block=&#8221;true&#8221; add_icon=&#8221;true&#8221; link=&#8221;url:https%3A%2F%2Fkic.fi%2Fvantaa%2Fhinnasto%2F|title:Hinnasto&#8221; css=&#8221;.vc_custom_1713352180810{padding-top: 30px !important;}&#8221;][vc_btn title=&#8221;AJONVARAUS&#8221; style=&#8221;flat&#8221; color=&#8221;danger&#8221; align=&#8221;center&#8221; i_icon_fontawesome=&#8221;fas fa-calendar-alt&#8221; css_animation=&#8221;fadeIn&#8221; button_block=&#8221;true&#8221; add_icon=&#8221;true&#8221; link=&#8221;url:https%3A%2F%2Fbookings.racefacer.com%2Fkartinclubvantaa|title:Ajonvaraus%20%26%20Varauskalenteri&#8221; css=&#8221;.vc_custom_1732088129078{padding-top: 30px !important;}&#8221;][\/vc_column_inner][vc_column_inner width=&#8221;1\/3&#8243; css=&#8221;.vc_custom_1650258201855{padding-top: 30px !important;padding-right: 30px !important;padding-bottom: 30px !important;padding-left: 30px !important;background-color: #ffffff !important;}&#8221;][vc_custom_heading text=&#8221;2.&#8221; font_container=&#8221;tag:h1|text_align:center|color:%23ff0000&#8243; use_theme_fonts=&#8221;yes&#8221; el_class=&#8221;align-center&#8221;][vc_custom_heading text=&#8221;SEURAA OHJEITA&#8221; font_container=&#8221;tag:h4|text_align:center|color:%23000000&#8243; use_theme_fonts=&#8221;yes&#8221; el_class=&#8221;align-center&#8221;][vc_custom_heading text=&#8221;Kun olet tehnyt ajonvarauksen radalle saat siit\u00e4 s\u00e4hk\u00f6postin, jossa ohjeet miten toimia ennen ajamaan tulemista.&#8221; font_container=&#8221;tag:h5|text_align:center|color:%23000000&#8243; use_theme_fonts=&#8221;yes&#8221; el_class=&#8221;align-center&#8221;][vc_custom_heading text=&#8221;Mik\u00e4li tulet ajamaan ilman ajonvarausta tee itsellesi kuljettajaprofiili painamalla alla olevaa kuvaa. T\u00e4m\u00e4 tehd\u00e4\u00e4n vain kerran, kaikki tulevat ajosi tallentuvat t\u00e4h\u00e4n profiiliin ja p\u00e4\u00e4set halutessasi itse seuraamaan kehittymist\u00e4si kuskina Racefacer- sovelluksesta.&#8221; font_container=&#8221;tag:h5|text_align:center|color:%23000000&#8243; use_theme_fonts=&#8221;yes&#8221; el_class=&#8221;align-center&#8221;][vc_single_image image=&#8221;250&#8243; img_size=&#8221;medium&#8221; alignment=&#8221;center&#8221; onclick=&#8221;custom_link&#8221; img_link_target=&#8221;_blank&#8221; css_animation=&#8221;fadeIn&#8221; link=&#8221;https:\/\/web.racefacer.com\/kiosk\/kartinclubvantaa&#8221;][\/vc_column_inner][vc_column_inner width=&#8221;1\/3&#8243; css=&#8221;.vc_custom_1650084894123{padding-top: 30px !important;padding-right: 30px !important;padding-bottom: 30px !important;padding-left: 30px !important;background-color: #ffffff !important;}&#8221;][vc_custom_heading text=&#8221;3.&#8221; font_container=&#8221;tag:h1|text_align:center|color:%23ff0000&#8243; use_theme_fonts=&#8221;yes&#8221; el_class=&#8221;align-center&#8221;][vc_custom_heading text=&#8221;SAAVU RADALLE&#8221; font_container=&#8221;tag:h4|text_align:center|color:%23000000&#8243; use_theme_fonts=&#8221;yes&#8221; el_class=&#8221;align-center&#8221;][vc_custom_heading text=&#8221;Ajonvarauksen tehneen\u00e4 ilmoittaudu vain radan vastaanottotiskill\u00e4 ja p\u00e4\u00e4set radalle!&#8221; font_container=&#8221;tag:h5|text_align:center|color:%23000000&#8243; use_theme_fonts=&#8221;yes&#8221; el_class=&#8221;align-center&#8221;][vc_custom_heading text=&#8221;Mik\u00e4li tulet yksitt\u00e4isajoihin ilman ajanvarausta, tule vastaanottotiskille, osta haluamasi ajo, ja p\u00e4\u00e4set radalle! Laitamme kuskit seuraaviin yksitt\u00e4isajol\u00e4ht\u00f6ihin saapumisj\u00e4rjestyksess\u00e4.&#8221; font_container=&#8221;tag:h5|text_align:center|color:%23000000&#8243; use_theme_fonts=&#8221;yes&#8221; el_class=&#8221;align-center&#8221;][vc_custom_heading text=&#8221;Radalla n\u00e4hd\u00e4\u00e4n !!&#8221; font_container=&#8221;tag:h5|text_align:center|color:%23000000&#8243; use_theme_fonts=&#8221;yes&#8221; el_class=&#8221;align-center&#8221;][vc_btn title=&#8221;OHJEITA KUSKEILLE&#8221; style=&#8221;flat&#8221; color=&#8221;danger&#8221; align=&#8221;center&#8221; i_icon_fontawesome=&#8221;fas fa-th-list&#8221; css_animation=&#8221;fadeIn&#8221; button_block=&#8221;true&#8221; add_icon=&#8221;true&#8221; link=&#8221;url:https%3A%2F%2Fkic.fi%2Fvantaa%2Ftietoa%2F|title:ohjeita&#8221; css=&#8221;.vc_custom_1713352221821{padding-top: 30px !important;}&#8221;][vc_single_image image=&#8221;1441&#8243; img_size=&#8221;medium&#8221; alignment=&#8221;center&#8221;][\/vc_column_inner][\/vc_row_inner][\/vc_column][\/vc_row][vc_row bg_type=&#8221;bg_color&#8221; bg_override=&#8221;full&#8221; css=&#8221;.vc_custom_1649770432666{margin-bottom: 30px !important;padding-top: 90px !important;padding-bottom: 60px !important;}&#8221; bg_color_value=&#8221;#ffffff&#8221;][vc_column][vc_custom_heading text=&#8221;TAPAHTUMIA RADALLA&#8221; font_container=&#8221;tag:h3|text_align:center|color:%23ff0000&#8243; use_theme_fonts=&#8221;yes&#8221; el_class=&#8221;align-center&#8221;][vc_custom_heading text=&#8221;Seuraamalla meit\u00e4 somessa olet ensimm\u00e4isten joukossa kuulemassa tulevista tarjouksista, tapahtumistamme ja muista ratamme tempauksista !&#8221; font_container=&#8221;tag:h4|text_align:center|color:%23000000&#8243; use_theme_fonts=&#8221;yes&#8221; el_class=&#8221;align-center&#8221;]<div id=\"naapo-social-networks-shortcode-1\" class=\"widget alma_socials_widget\"><div class=\"social-icons-fa align-center\"><ul><li><a href=\"https:\/\/www.facebook.com\/kartinclubvantaa\" target=\"_blank\" class=\"social-network facebook\" title=\"Facebook\"><i class=\"fab fa-facebook\"><\/i><\/a><\/li><li><a href=\"https:\/\/www.instagram.com\/kartinclubvantaa\/\" target=\"_blank\" class=\"social-network instagram\" title=\"Instagram\"><i class=\"fab fa-instagram\"><\/i><\/a><\/li><li><a href=\"https:\/\/wa.me\/0447765050\" target=\"_blank\" class=\"social-network whatsapp\" title=\"whatsapp\"><i class=\"fab fa-whatsapp\"><\/i><\/a><\/li><\/ul><\/div><\/div>[vc_empty_space height=&#8221;16px&#8221;][vc_raw_html css=&#8221;.vc_custom_1664971249313{padding-top: 30px !important;}&#8221;]JTVCY3VzdG9tLWZhY2Vib29rLWZlZWQlMjBmZWVkJTNEMiU1RA==[\/vc_raw_html][\/vc_column][\/vc_row][vc_row bg_type=&#8221;bg_color&#8221; bg_override=&#8221;full&#8221; css=&#8221;.vc_custom_1649677177326{padding-top: 90px !important;padding-bottom: 60px !important;}&#8221; bg_color_value=&#8221;#ff0000&#8243;][vc_column][vc_custom_heading text=&#8221;VIIMEISIMM\u00c4T KUULUMISET RADALTA&#8221; font_container=&#8221;tag:h3|text_align:center|color:%23000000&#8243; use_theme_fonts=&#8221;yes&#8221; el_class=&#8221;align-center&#8221;][vc_custom_heading text=&#8221;Seuraamalla meit\u00e4 somessa olet ensimm\u00e4isten joukossa kuulemassa tulevista tarjouksistamme, tapahtumistamme ja muista ratamme tempauksista !&#8221; font_container=&#8221;tag:h4|text_align:center|color:%23ffffff&#8221; use_theme_fonts=&#8221;yes&#8221; el_class=&#8221;align-center&#8221;]<div id=\"naapo-social-networks-shortcode-2\" class=\"widget alma_socials_widget\"><div class=\"social-icons-fa align-center\"><ul><li><a href=\"https:\/\/www.facebook.com\/kartinclubvantaa\" target=\"_blank\" class=\"social-network facebook\" title=\"Facebook\"><i class=\"fab fa-facebook\"><\/i><\/a><\/li><li><a href=\"https:\/\/www.instagram.com\/kartinclubvantaa\/\" target=\"_blank\" class=\"social-network instagram\" title=\"Instagram\"><i class=\"fab fa-instagram\"><\/i><\/a><\/li><li><a href=\"https:\/\/wa.me\/0447765050\" target=\"_blank\" class=\"social-network whatsapp\" title=\"whatsapp\"><i class=\"fab fa-whatsapp\"><\/i><\/a><\/li><\/ul><\/div><\/div>[vc_empty_space][vc_raw_html css=&#8221;.vc_custom_1664971254391{padding-top: 30px !important;}&#8221;]JTVCY3VzdG9tLWZhY2Vib29rLWZlZWQlMjBmZWVkJTNEMSU1RA==[\/vc_raw_html][\/vc_column][\/vc_row][vc_row full_width=&#8221;stretch_row&#8221; css_animation=&#8221;fadeInUp&#8221; bg_type=&#8221;image&#8221; parallax_style=&#8221;vcpb-default&#8221; bg_image_new=&#8221;id^1253|url^https:\/\/kic.fi\/vantaa\/wp-content\/uploads\/2022\/07\/003-KIC-Vantaa-9-2019-scaled.jpg|caption^null|alt^null|title^003 KIC Vantaa 9-2019|description^null&#8221; bg_image_repeat=&#8221;no-repeat&#8221; bg_override=&#8221;ex-full&#8221; enable_overlay=&#8221;enable_overlay_value&#8221; overlay_color=&#8221;rgba(0,0,0,0.35)&#8221;][vc_column css_animation=&#8221;fadeInUp&#8221;][vc_row_inner][vc_column_inner width=&#8221;1\/2&#8243; css=&#8221;.vc_custom_1649739463957{margin-top: 30px !important;margin-bottom: 30px !important;background-color: #ffffff !important;}&#8221;][\/vc_column_inner][vc_column_inner width=&#8221;1\/2&#8243; css=&#8221;.vc_custom_1649778913479{margin-top: 90px !important;margin-bottom: 90px !important;padding-top: 60px !important;padding-right: 30px !important;padding-bottom: 60px !important;padding-left: 30px !important;background-color: #ffffff !important;}&#8221;]<div class=\"ult-spacer spacer-69e0d227caac7\" data-id=\"69e0d227caac7\" data-height=\"\" data-height-mobile=\"100\" data-height-tab=\"100\" data-height-tab-portrait=\"100\" data-height-mobile-landscape=\"100\" style=\"clear:both;display:block;\"><\/div>[vc_single_image image=&#8221;250&#8243; img_size=&#8221;medium&#8221; alignment=&#8221;center&#8221;][vc_custom_heading text=&#8221;Lataa Racefacer -sovellus&#8221; font_container=&#8221;tag:h3|text_align:center|color:%23000000&#8243; use_theme_fonts=&#8221;yes&#8221; el_class=&#8221;align-center&#8221; css=&#8221;.vc_custom_1649777367475{padding-top: 30px !important;}&#8221;][vc_custom_heading text=&#8221;Lataamalla Racefacer sovelluksen puhelimeesi&#8221; font_container=&#8221;tag:h5|text_align:center|color:%23ff0000&#8243; use_theme_fonts=&#8221;yes&#8221;]<div class=\"smile_icon_list_wrap ult_info_list_container ult-adjust-bottom-margin   vc_custom_1649781949225\"><ul class=\"smile_icon_list left square with_bg\"><li class=\"icon_list_item\" style=\" font-size:48px;\"><div class=\"icon_list_icon\" data-animation=\"\" data-animation-delay=\"03\" style=\"font-size:16px;border-width:1px;border-style:none;background:#ffffff;color:#333333;border-color:#333333;\"><i class=\"Defaults-chevron-right\" ><\/i><\/div><div class=\"icon_description\" id=\"Info-list-wrap-7572\" style=\"font-size:16px;\"><div class=\"icon_description_text ult-responsive\"  data-ultimate-target='#Info-list-wrap-7572 .icon_description_text'  data-responsive-json-new='{\"font-size\":\"desktop:13px;\",\"line-height\":\"desktop:18px;\"}'  style=\"\"><p>jaa valokuvia, videoita ja tuloksia<br \/>\nkavereittesi kesken<\/p>\n<\/div><\/div><div class=\"icon_list_connector\"  style=\"border-right-width: 1px;border-right-style: dashed;border-color: #333333;\"><\/div><\/li><li class=\"icon_list_item\" style=\" font-size:48px;\"><div class=\"icon_list_icon\" data-animation=\"\" data-animation-delay=\"03\" style=\"font-size:16px;border-width:1px;border-style:none;background:#ffffff;color:#333333;border-color:#333333;\"><i class=\"Defaults-chevron-right\" ><\/i><\/div><div class=\"icon_description\" id=\"Info-list-wrap-8475\" style=\"font-size:16px;\"><div class=\"icon_description_text ult-responsive\"  data-ultimate-target='#Info-list-wrap-8475 .icon_description_text'  data-responsive-json-new='{\"font-size\":\"desktop:13px;\",\"line-height\":\"desktop:18px;\"}'  style=\"\"><p>teet omat kisasi ja haastat kaverisi<br \/>\nniihin.<\/p>\n<\/div><\/div><div class=\"icon_list_connector\"  style=\"border-right-width: 1px;border-right-style: dashed;border-color: #333333;\"><\/div><\/li><li class=\"icon_list_item\" style=\" font-size:48px;\"><div class=\"icon_list_icon\" data-animation=\"\" data-animation-delay=\"03\" style=\"font-size:16px;border-width:1px;border-style:none;background:#ffffff;color:#333333;border-color:#333333;\"><i class=\"Defaults-chevron-right\" ><\/i><\/div><div class=\"icon_description\" id=\"Info-list-wrap-7489\" style=\"font-size:16px;\"><div class=\"icon_description_text ult-responsive\"  data-ultimate-target='#Info-list-wrap-7489 .icon_description_text'  data-responsive-json-new='{\"font-size\":\"desktop:13px;\",\"line-height\":\"desktop:18px;\"}'  style=\"\"><p>seuraat ratojen nopempien kuskien<br \/>\nlistaa ja omaa sijoitusta siin\u00e4.<\/p>\n<\/div><\/div><div class=\"icon_list_connector\"  style=\"border-right-width: 1px;border-right-style: dashed;border-color: #333333;\"><\/div><\/li><li class=\"icon_list_item\" style=\" font-size:48px;\"><div class=\"icon_list_icon\" data-animation=\"\" data-animation-delay=\"03\" style=\"font-size:16px;border-width:1px;border-style:none;background:#ffffff;color:#333333;border-color:#333333;\"><i class=\"Defaults-chevron-right\" ><\/i><\/div><div class=\"icon_description\" id=\"Info-list-wrap-2224\" style=\"font-size:16px;\"><div class=\"icon_description_text ult-responsive\"  data-ultimate-target='#Info-list-wrap-2224 .icon_description_text'  data-responsive-json-new='{\"font-size\":\"desktop:13px;\",\"line-height\":\"desktop:18px;\"}'  style=\"\"><p>voit verrata tuloksiasi ja kehitty\u00e4 kuskina<\/p>\n<\/div><\/div><div class=\"icon_list_connector\"  style=\"border-right-width: 1px;border-right-style: dashed;border-color: #333333;\"><\/div><\/li><li class=\"icon_list_item\" style=\" font-size:48px;\"><div class=\"icon_list_icon\" data-animation=\"\" data-animation-delay=\"03\" style=\"font-size:16px;border-width:1px;border-style:none;background:#ffffff;color:#333333;border-color:#333333;\"><i class=\"Defaults-chevron-right\" ><\/i><\/div><div class=\"icon_description\" id=\"Info-list-wrap-4025\" style=\"font-size:16px;\"><div class=\"icon_description_text ult-responsive\"  data-ultimate-target='#Info-list-wrap-4025 .icon_description_text'  data-responsive-json-new='{\"font-size\":\"desktop:13px;\",\"line-height\":\"desktop:18px;\"}'  style=\"\"><p>n\u00e4et omat ja kaverisi ajojen kierrosajat,<br \/>\nkisa tulokset ja ajo historiat<\/p>\n<\/div><\/div><div class=\"icon_list_connector\"  style=\"border-right-width: 1px;border-right-style: dashed;border-color: #333333;\"><\/div><\/li><\/ul><\/div>[vc_single_image image=&#8221;285&#8243; img_size=&#8221;204&#215;60&#8243; alignment=&#8221;center&#8221; onclick=&#8221;custom_link&#8221; css=&#8221;.vc_custom_1653332256139{margin-top: 30px !important;margin-bottom: 15px !important;}&#8221; link=&#8221;https:\/\/itunes.apple.com\/app\/faceracer\/id1021242902&#8243;][vc_single_image image=&#8221;286&#8243; img_size=&#8221;204&#215;60&#8243; alignment=&#8221;center&#8221; onclick=&#8221;custom_link&#8221; link=&#8221;https:\/\/play.google.com\/store\/apps\/details?id=com.faceracer&#8221;][\/vc_column_inner][\/vc_row_inner][\/vc_column][\/vc_row][vc_row full_width=&#8221;stretch_row&#8221; bg_type=&#8221;image&#8221; parallax_style=&#8221;vcpb-default&#8221; bg_image_new=&#8221;id^1248|url^https:\/\/kic.fi\/vantaa\/wp-content\/uploads\/2022\/07\/2019-09-Vantaa-kuvituskuvia-36-scaled.jpg|caption^null|alt^null|title^2019-09-Vantaa-kuvituskuvia (36)|description^null&#8221; bg_image_repeat=&#8221;no-repeat&#8221; bg_override=&#8221;ex-full&#8221; enable_overlay=&#8221;enable_overlay_value&#8221; overlay_color=&#8221;rgba(0,0,0,0.35)&#8221;][vc_column css_animation=&#8221;fadeInUp&#8221;][vc_row_inner][vc_column_inner width=&#8221;1\/2&#8243; css=&#8221;.vc_custom_1649828080705{margin-top: 90px !important;margin-bottom: 90px !important;background-color: #ffffff !important;}&#8221;]<div class=\"ult-spacer spacer-69e0d227cac0d\" data-id=\"69e0d227cac0d\" data-height=\"\" data-height-mobile=\"100\" data-height-tab=\"100\" data-height-tab-portrait=\"100\" data-height-mobile-landscape=\"100\" style=\"clear:both;display:block;\"><\/div>[vc_custom_heading text=&#8221;Ota meihin yhteytt\u00e4 !&#8221; font_container=&#8221;tag:h3|text_align:center|color:%23000000&#8243; use_theme_fonts=&#8221;yes&#8221; el_class=&#8221;align-center&#8221; css=&#8221;.vc_custom_1649694134052{padding-top: 30px !important;}&#8221;][vc_custom_heading text=&#8221;Her\u00e4sik\u00f6 kysymyksi\u00e4? J\u00e4ik\u00f6 jokin askarruttamaan? Laita meille viesti\u00e4 niin selvitet\u00e4\u00e4n asia yhdess\u00e4 !&#8221; font_container=&#8221;tag:h5|text_align:center|color:%23ff0000&#8243; use_theme_fonts=&#8221;yes&#8221;]\n<div class=\"wpcf7 no-js\" id=\"wpcf7-f12-o1\" lang=\"en-US\" dir=\"ltr\" data-wpcf7-id=\"12\">\n<div class=\"screen-reader-response\"><p role=\"status\" aria-live=\"polite\" aria-atomic=\"true\"><\/p> <ul><\/ul><\/div>\n<form action=\"\/vantaa\/wp-json\/wp\/v2\/pages\/1695#wpcf7-f12-o1\" method=\"post\" class=\"wpcf7-form init\" aria-label=\"Contact form\" novalidate=\"novalidate\" data-status=\"init\">\n<fieldset class=\"hidden-fields-container\"><input type=\"hidden\" name=\"_wpcf7\" value=\"12\" \/><input type=\"hidden\" name=\"_wpcf7_version\" value=\"6.1.5\" \/><input type=\"hidden\" name=\"_wpcf7_locale\" value=\"en_US\" \/><input type=\"hidden\" name=\"_wpcf7_unit_tag\" value=\"wpcf7-f12-o1\" \/><input type=\"hidden\" name=\"_wpcf7_container_post\" value=\"0\" \/><input type=\"hidden\" name=\"_wpcf7_posted_data_hash\" value=\"\" \/>\n<\/fieldset>\n<p><label> Nimesi<br \/>\n<span class=\"wpcf7-form-control-wrap\" data-name=\"your-name\"><input size=\"40\" maxlength=\"400\" class=\"wpcf7-form-control wpcf7-text wpcf7-validates-as-required\" aria-required=\"true\" aria-invalid=\"false\" value=\"\" type=\"text\" name=\"your-name\" \/><\/span> <\/label>\n<\/p>\n<p><label> S\u00e4hk\u00f6postisi<br \/>\n<span class=\"wpcf7-form-control-wrap\" data-name=\"your-email\"><input size=\"40\" maxlength=\"400\" class=\"wpcf7-form-control wpcf7-email wpcf7-validates-as-required wpcf7-text wpcf7-validates-as-email\" aria-required=\"true\" aria-invalid=\"false\" value=\"\" type=\"email\" name=\"your-email\" \/><\/span> <\/label>\n<\/p>\n<p><label> Aihe<br \/>\n<span class=\"wpcf7-form-control-wrap\" data-name=\"your-subject\"><input size=\"40\" maxlength=\"400\" class=\"wpcf7-form-control wpcf7-text wpcf7-validates-as-required\" aria-required=\"true\" aria-invalid=\"false\" value=\"\" type=\"text\" name=\"your-subject\" \/><\/span> <\/label>\n<\/p>\n<p><label> Viesti<br \/>\n<span class=\"wpcf7-form-control-wrap\" data-name=\"your-message\"><textarea cols=\"40\" rows=\"10\" maxlength=\"2000\" class=\"wpcf7-form-control wpcf7-textarea\" aria-invalid=\"false\" name=\"your-message\"><\/textarea><\/span> <\/label>\n<\/p>\n<p><input class=\"wpcf7-form-control wpcf7-submit has-spinner\" type=\"submit\" value=\"L\u00e4het\u00e4\" \/>\n<\/p><div class=\"wpcf7-response-output\" aria-hidden=\"true\"><\/div>\n<\/form>\n<\/div>\n[\/vc_column_inner][vc_column_inner width=&#8221;1\/2&#8243;][\/vc_column_inner][\/vc_row_inner][\/vc_column][\/vc_row][vc_row full_width=&#8221;stretch_row_content_no_spaces&#8221; css_animation=&#8221;fadeIn&#8221;][vc_column css=&#8221;.vc_custom_1650259466405{margin-top: 0px !important;margin-right: 0px !important;margin-bottom: 0px !important;margin-left: 0px !important;padding-top: 0px !important;padding-right: 0px !important;padding-bottom: 0px !important;padding-left: 0px !important;}&#8221;][vc_raw_html css=&#8221;.vc_custom_1681819536808{margin-right: -25px !important;margin-bottom: -10px !important;margin-left: -25px !important;}&#8221;]JTNDaWZyYW1lJTIwc3JjJTNEJTIyaHR0cHMlM0ElMkYlMkZtYXBzLmdvb2dsZS5jb20lMkZtYXBzJTNGd2lkdGglM0QxMDAlMjUyNSUyNmFtcCUzQmhlaWdodCUzRDYwMCUyNmFtcCUzQmhsJTNEZW4lMjZhbXAlM0JxJTNEa2F0cmlpbmFudGllJTI1MjAzMSUyQiUyOCUyOSUyNmFtcCUzQnQlM0QlMjZhbXAlM0J6JTNEMTIlMjZhbXAlM0JpZSUzRFVURjglMjZhbXAlM0Jpd2xvYyUzREIlMjZhbXAlM0JvdXRwdXQlM0RlbWJlZCUyMiUyMHdpZHRoJTNEJTIyMTAwJTI1JTIyJTIwaGVpZ2h0JTNEJTIyNDAwJTIyJTIwZnJhbWVib3JkZXIlM0QlMjIwJTIyJTIwc2Nyb2xsaW5nJTNEJTIybm8lMjIlMjBtYXJnaW5oZWlnaHQlM0QlMjIwJTIyJTIwbWFyZ2lud2lkdGglM0QlMjIwJTIyJTIwc3R5bGUlM0QlMjJib3JkZXIlM0EwJTNCJTIwbWFyZ2luJTNBMCUzQiUyMHBhZGRpbmclM0EwJTNCJTIyJTIwYWxsb3dmdWxsc2NyZWVuJTNEJTIyJTIyJTIwbG9hZGluZyUzRCUyMmxhenklMjIlMjByZWZlcnJlcnBvbGljeSUzRCUyMm5vLXJlZmVycmVyLXdoZW4tZG93bmdyYWRlJTIyJTNFJTNDJTJGaWZyYW1lJTNF[\/vc_raw_html][\/vc_column][\/vc_row]<\/p>\n","protected":false},"excerpt":{"rendered":"<p>[vc_row full_width=&#8221;stretch_row_content_no_spaces&#8221; bg_type=&#8221;bg_color&#8221; bg_override=&#8221;full&#8221; css=&#8221;.vc_custom_1657602235136{margin-top: -25px !important;background-image: url(https:\/\/kic.fi\/vantaa\/wp-content\/uploads\/2022\/07\/2019-09-Vantaa-kuvituskuvia-36-Copy.jpg?id=1247) !important;background-position: center !important;background-repeat: no-repeat !important;background-size: cover !important;}&#8221; bg_color_value=&#8221;rgba(255,0,0,0.3)&#8221;][vc_column][vc_row_inner][\/vc_row_inner][vc_custom_heading text=&#8221;VARAUSKALENTERI&#8221; font_container=&#8221;tag:h1|text_align:center|color:%23ffffff&#8221; use_theme_fonts=&#8221;yes&#8221;][\/vc_column][\/vc_row][vc_row css=&#8221;.vc_custom_1723446560278{margin-top: 20px !important;margin-right: -40px !important;margin-left: -40px !important;padding-top: 0px !important;padding-bottom: 90px !important;}&#8221;][vc_column][vc_custom_heading text=&#8221;Varauskalenteri&#8221; font_container=&#8221;tag:h3|text_align:center|color:%23ff0000&#8243; use_theme_fonts=&#8221;yes&#8221; css=&#8221;.vc_custom_1712901382279{padding-right: 80px !important;}&#8221;][vc_custom_heading text=&#8221;Uusi varauskalenteri on t\u00e4ll\u00e4 hetkell\u00e4 rakenteilla. Katso vapaat ajo ajankohdat ajonvarauksen kautta, kiitos.&#8221; font_container=&#8221;tag:h5|text_align:center|color:%23ff0000&#8243; use_theme_fonts=&#8221;yes&#8221; css=&#8221;.vc_custom_1753175007360{padding-right: 80px !important;}&#8221;][vc_row_inner][\/vc_row_inner][\/vc_column][\/vc_row][vc_row bg_type=&#8221;bg_color&#8221; [&hellip;]<\/p>\n","protected":false},"author":1,"featured_media":0,"parent":0,"menu_order":1,"comment_status":"closed","ping_status":"closed","template":"one-page-template.php","meta":{"footnotes":""},"class_list":["post-1695","page","type-page","status-publish","hentry"],"_links":{"self":[{"href":"https:\/\/kic.fi\/vantaa\/wp-json\/wp\/v2\/pages\/1695","targetHints":{"allow":["GET"]}}],"collection":[{"href":"https:\/\/kic.fi\/vantaa\/wp-json\/wp\/v2\/pages"}],"about":[{"href":"https:\/\/kic.fi\/vantaa\/wp-json\/wp\/v2\/types\/page"}],"author":[{"embeddable":true,"href":"https:\/\/kic.fi\/vantaa\/wp-json\/wp\/v2\/users\/1"}],"replies":[{"embeddable":true,"href":"https:\/\/kic.fi\/vantaa\/wp-json\/wp\/v2\/comments?post=1695"}],"version-history":[{"count":5,"href":"https:\/\/kic.fi\/vantaa\/wp-json\/wp\/v2\/pages\/1695\/revisions"}],"predecessor-version":[{"id":1810,"href":"https:\/\/kic.fi\/vantaa\/wp-json\/wp\/v2\/pages\/1695\/revisions\/1810"}],"wp:attachment":[{"href":"https:\/\/kic.fi\/vantaa\/wp-json\/wp\/v2\/media?parent=1695"}],"curies":[{"name":"wp","href":"https:\/\/api.w.org\/{rel}","templated":true}]}}